{"id":507,"date":"2023-03-28T23:41:23","date_gmt":"2023-03-28T21:41:23","guid":{"rendered":"https:\/\/b-a-ba.org\/?page_id=507"},"modified":"2023-09-19T23:17:04","modified_gmt":"2023-09-19T21:17:04","slug":"faire-un-don","status":"publish","type":"page","link":"https:\/\/b-a-ba.org\/index.php\/faire-un-don\/","title":{"rendered":"Faire un don"},"content":{"rendered":"\t\t<div data-elementor-type=\"wp-page\" data-elementor-id=\"507\" class=\"elementor elementor-507\" data-elementor-post-type=\"page\">\n\t\t\t\t\t\t<section class=\"elementor-section elementor-top-section elementor-element elementor-element-22d7e53f elementor-section-height-full elementor-section-content-middle elementor-section-full_width elementor-section-items-top elementor-reverse-mobile elementor-section-height-default\" data-id=\"22d7e53f\" data-element_type=\"section\" data-e-type=\"section\" data-settings=\"{&quot;background_background&quot;:&quot;classic&quot;,&quot;animation&quot;:&quot;none&quot;}\">\n\t\t\t\t\t\t\t<div class=\"elementor-background-overlay\"><\/div>\n\t\t\t\t\t\t\t<div class=\"elementor-container elementor-column-gap-default\">\n\t\t\t\t\t<div class=\"elementor-column elementor-col-50 elementor-top-column elementor-element elementor-element-734e246\" data-id=\"734e246\" data-element_type=\"column\" data-e-type=\"column\" data-settings=\"{&quot;background_background&quot;:&quot;classic&quot;}\">\n\t\t\t<div class=\"elementor-widget-wrap elementor-element-populated\">\n\t\t\t\t\t\t<div class=\"elementor-element elementor-element-229b404 elementor-invisible elementor-widget elementor-widget-video\" data-id=\"229b404\" data-element_type=\"widget\" data-e-type=\"widget\" data-settings=\"{&quot;video_type&quot;:&quot;hosted&quot;,&quot;_animation&quot;:&quot;bounceInUp&quot;,&quot;controls&quot;:&quot;yes&quot;}\" data-widget_type=\"video.default\">\n\t\t\t\t<div class=\"elementor-widget-container\">\n\t\t\t\t\t\t\t<div class=\"e-hosted-video elementor-wrapper elementor-open-inline\">\n\t\t\t\t\t<video class=\"elementor-video\" src=\"https:\/\/b-a-ba.org\/wp-content\/uploads\/2023\/04\/Presentation.mp4\" controls=\"\" preload=\"metadata\" controlsList=\"nodownload\" poster=\"https:\/\/b-a-ba.org\/wp-content\/uploads\/2022\/06\/logo-Ba\u0300BA-final-22-scaled.jpg\"><\/video>\n\t\t\t\t<\/div>\n\t\t\t\t\t\t<\/div>\n\t\t\t\t<\/div>\n\t\t\t\t\t<\/div>\n\t\t<\/div>\n\t\t\t\t<div class=\"elementor-column elementor-col-50 elementor-top-column elementor-element elementor-element-1dbe4555\" data-id=\"1dbe4555\" data-element_type=\"column\" data-e-type=\"column\" data-settings=\"{&quot;animation&quot;:&quot;none&quot;,&quot;background_background&quot;:&quot;classic&quot;}\">\n\t\t\t<div class=\"elementor-widget-wrap elementor-element-populated\">\n\t\t\t\t\t<div class=\"elementor-background-overlay\"><\/div>\n\t\t\t\t\t\t<div class=\"elementor-element elementor-element-791a567 elementor-widget elementor-widget-heading\" data-id=\"791a567\" data-element_type=\"widget\" data-e-type=\"widget\" data-widget_type=\"heading.default\">\n\t\t\t\t<div class=\"elementor-widget-container\">\n\t\t\t\t\t<h2 class=\"elementor-heading-title elementor-size-default\">La solidarit\u00e9, le lien ind\u00e9fectible de notre communaut\u00e9 <br><br><\/h2>\t\t\t\t<\/div>\n\t\t\t\t<\/div>\n\t\t\t\t<div class=\"elementor-element elementor-element-959830f elementor-widget elementor-widget-text-editor\" data-id=\"959830f\" data-element_type=\"widget\" data-e-type=\"widget\" data-settings=\"{&quot;_animation&quot;:&quot;none&quot;}\" data-widget_type=\"text-editor.default\">\n\t\t\t\t<div class=\"elementor-widget-container\">\n\t\t\t\t\t\t\t\t\t<p><strong data-entity-type=\"MessageEntityBold\">D\u00e9sormais, il est possible de cotiser mensuellement<\/strong> et participer aux activit\u00e9s de l&rsquo;association b \u00e0 ba et \u00e0 tous les frais de fonctionnement (site, logiciels, don de livres, achat de mat\u00e9riel, da&rsquo;wa, s\u00e9minaires, d\u00e9placements, etc&#8230;).<\/p><p>Soyez acteurs de la vie associative musulmane et alourdissez votre balance de bonnes \u0153uvres.<\/p><p>Il est possible d&rsquo;apporter sa contribution, m\u00eame avec quelques euros par mois.<\/p><p><ins data-entity-type=\"MessageEntityUnderline\"><strong data-entity-type=\"MessageEntityBold\">Tout sera r\u00e9investi dans l&rsquo;enseignement et la transmission de la connaissance. <\/strong><\/ins><\/p><p><ins data-entity-type=\"MessageEntityUnderline\">Les activit\u00e9s de b \u00e0 ba restent gratuites et les projets seront en fonction des moyens que l&rsquo;on aura in cha Allah. <\/ins><ins data-entity-type=\"MessageEntityUnderline\">C&rsquo;est une sadaqa jariyah, alors n&rsquo;h\u00e9sitez pas \u00e0 apporter votre pierre \u00e0 l&rsquo;\u00e9difice !<br \/><\/ins><\/p>\t\t\t\t\t\t\t\t<\/div>\n\t\t\t\t<\/div>\n\t\t\t\t<div class=\"elementor-element elementor-element-588c9c9 elementor-widget elementor-widget-spacer\" data-id=\"588c9c9\" data-element_type=\"widget\" data-e-type=\"widget\" data-settings=\"{&quot;_animation&quot;:&quot;none&quot;}\" data-widget_type=\"spacer.default\">\n\t\t\t\t<div class=\"elementor-widget-container\">\n\t\t\t\t\t\t\t<div class=\"elementor-spacer\">\n\t\t\t<div class=\"elementor-spacer-inner\"><\/div>\n\t\t<\/div>\n\t\t\t\t\t\t<\/div>\n\t\t\t\t<\/div>\n\t\t\t\t<div class=\"elementor-element elementor-element-aed0ef6 elementor-button-info elementor-align-left elementor-widget elementor-widget-button\" data-id=\"aed0ef6\" data-element_type=\"widget\" data-e-type=\"widget\" data-widget_type=\"button.default\">\n\t\t\t\t<div class=\"elementor-widget-container\">\n\t\t\t\t\t\t\t\t\t<div class=\"elementor-button-wrapper\">\n\t\t\t\t\t<a class=\"elementor-button elementor-button-link elementor-size-md\" href=\"https:\/\/www.myamana.fr\/mensuel?asso=b-a-ba\" target=\"_blank\">\n\t\t\t\t\t\t<span class=\"elementor-button-content-wrapper\">\n\t\t\t\t\t\t\t\t\t<span class=\"elementor-button-text\">Je donne chaque mois<\/span>\n\t\t\t\t\t<\/span>\n\t\t\t\t\t<\/a>\n\t\t\t\t<\/div>\n\t\t\t\t\t\t\t\t<\/div>\n\t\t\t\t<\/div>\n\t\t\t\t<div class=\"elementor-element elementor-element-7b8fe13 elementor-button-info elementor-align-left elementor-widget elementor-widget-button\" data-id=\"7b8fe13\" data-element_type=\"widget\" data-e-type=\"widget\" data-widget_type=\"button.default\">\n\t\t\t\t<div class=\"elementor-widget-container\">\n\t\t\t\t\t\t\t\t\t<div class=\"elementor-button-wrapper\">\n\t\t\t\t\t<a class=\"elementor-button elementor-button-link elementor-size-md\" href=\"https:\/\/www.myamana.fr\/ponctuel?asso=b-a-ba\" target=\"_blank\">\n\t\t\t\t\t\t<span class=\"elementor-button-content-wrapper\">\n\t\t\t\t\t\t\t\t\t<span class=\"elementor-button-text\">Je donne une fois<\/span>\n\t\t\t\t\t<\/span>\n\t\t\t\t\t<\/a>\n\t\t\t\t<\/div>\n\t\t\t\t\t\t\t\t<\/div>\n\t\t\t\t<\/div>\n\t\t\t\t\t<\/div>\n\t\t<\/div>\n\t\t\t\t\t<\/div>\n\t\t<\/section>\n\t\t\t\t<section class=\"elementor-section elementor-top-section elementor-element elementor-element-5ecbf9d elementor-section-boxed elementor-section-height-default elementor-section-height-default\" data-id=\"5ecbf9d\" data-element_type=\"section\" data-e-type=\"section\">\n\t\t\t\t\t\t<div class=\"elementor-container elementor-column-gap-default\">\n\t\t\t\t\t<div class=\"elementor-column elementor-col-100 elementor-top-column elementor-element elementor-element-aeb21ff\" data-id=\"aeb21ff\" data-element_type=\"column\" data-e-type=\"column\">\n\t\t\t<div class=\"elementor-widget-wrap\">\n\t\t\t\t\t\t\t<\/div>\n\t\t<\/div>\n\t\t\t\t\t<\/div>\n\t\t<\/section>\n\t\t\t\t<section class=\"elementor-section elementor-top-section elementor-element elementor-element-1ac7403 elementor-section-boxed elementor-section-height-default elementor-section-height-default\" data-id=\"1ac7403\" data-element_type=\"section\" data-e-type=\"section\">\n\t\t\t\t\t\t<div class=\"elementor-container elementor-column-gap-default\">\n\t\t\t\t\t<div class=\"elementor-column elementor-col-100 elementor-top-column elementor-element elementor-element-6bf9b4b\" data-id=\"6bf9b4b\" data-element_type=\"column\" data-e-type=\"column\">\n\t\t\t<div class=\"elementor-widget-wrap\">\n\t\t\t\t\t\t\t<\/div>\n\t\t<\/div>\n\t\t\t\t\t<\/div>\n\t\t<\/section>\n\t\t\t\t<\/div>\n\t\t","protected":false},"excerpt":{"rendered":"<p>https:\/\/b-a-ba.org\/wp-content\/uploads\/2023\/04\/Presentation.mp4 La solidarit\u00e9, le lien ind\u00e9fectible de notre communaut\u00e9 D\u00e9sormais, il est possible de cotiser mensuellement et participer aux activit\u00e9s de l&rsquo;association b \u00e0 ba et \u00e0 tous les frais de fonctionnement (site, logiciels, don de livres, achat de mat\u00e9riel, da&rsquo;wa, s\u00e9minaires, d\u00e9placements, etc&#8230;). Soyez acteurs de la vie associative musulmane et alourdissez votre balance&#8230;<\/p>\n","protected":false},"author":1,"featured_media":0,"parent":0,"menu_order":5,"comment_status":"closed","ping_status":"closed","template":"","meta":{"_kad_post_transparent":"","_kad_post_title":"hide","_kad_post_layout":"fullwidth","_kad_post_sidebar_id":"","_kad_post_content_style":"unboxed","_kad_post_vertical_padding":"hide","_kad_post_feature":"hide","_kad_post_feature_position":"","_kad_post_header":false,"_kad_post_footer":false,"_kad_post_classname":"","footnotes":""},"class_list":["post-507","page","type-page","status-publish","hentry"],"yoast_head":"<!-- This site is optimized with the Yoast SEO plugin v27.5 - https:\/\/yoast.com\/product\/yoast-seo-wordpress\/ -->\n<title>Faire un don - B \u00e0 Ba - Cours en ligne<\/title>\n<meta name=\"robots\" content=\"index, follow, max-snippet:-1, max-image-preview:large, max-video-preview:-1\" \/>\n<link rel=\"canonical\" href=\"https:\/\/b-a-ba.org\/index.php\/faire-un-don\/\" \/>\n<meta property=\"og:locale\" content=\"fr_FR\" \/>\n<meta property=\"og:type\" content=\"article\" \/>\n<meta property=\"og:title\" content=\"Faire un don - B \u00e0 Ba - Cours en ligne\" \/>\n<meta property=\"og:description\" content=\"https:\/\/b-a-ba.org\/wp-content\/uploads\/2023\/04\/Presentation.mp4 La solidarit\u00e9, le lien ind\u00e9fectible de notre communaut\u00e9 D\u00e9sormais, il est possible de cotiser mensuellement et participer aux activit\u00e9s de l&rsquo;association b \u00e0 ba et \u00e0 tous les frais de fonctionnement (site, logiciels, don de livres, achat de mat\u00e9riel, da&rsquo;wa, s\u00e9minaires, d\u00e9placements, etc&#8230;). Soyez acteurs de la vie associative musulmane et alourdissez votre balance...\" \/>\n<meta property=\"og:url\" content=\"https:\/\/b-a-ba.org\/index.php\/faire-un-don\/\" \/>\n<meta property=\"og:site_name\" content=\"B \u00e0 Ba - Cours en ligne\" \/>\n<meta property=\"article:publisher\" content=\"https:\/\/www.facebook.com\/people\/B--BA-Cours-en-ligne\/100066696794588\/\" \/>\n<meta property=\"article:modified_time\" content=\"2023-09-19T21:17:04+00:00\" \/>\n<meta name=\"twitter:card\" content=\"summary_large_image\" \/>\n<meta name=\"twitter:label1\" content=\"Dur\u00e9e de lecture estim\u00e9e\" \/>\n\t<meta name=\"twitter:data1\" content=\"1 minute\" \/>\n<script type=\"application\/ld+json\" class=\"yoast-schema-graph\">{\"@context\":\"https:\\\/\\\/schema.org\",\"@graph\":[{\"@type\":\"WebPage\",\"@id\":\"https:\\\/\\\/b-a-ba.org\\\/index.php\\\/faire-un-don\\\/\",\"url\":\"https:\\\/\\\/b-a-ba.org\\\/index.php\\\/faire-un-don\\\/\",\"name\":\"Faire un don - B \u00e0 Ba - Cours en ligne\",\"isPartOf\":{\"@id\":\"https:\\\/\\\/b-a-ba.org\\\/#website\"},\"datePublished\":\"2023-03-28T21:41:23+00:00\",\"dateModified\":\"2023-09-19T21:17:04+00:00\",\"breadcrumb\":{\"@id\":\"https:\\\/\\\/b-a-ba.org\\\/index.php\\\/faire-un-don\\\/#breadcrumb\"},\"inLanguage\":\"fr-FR\",\"potentialAction\":[{\"@type\":\"ReadAction\",\"target\":[\"https:\\\/\\\/b-a-ba.org\\\/index.php\\\/faire-un-don\\\/\"]}]},{\"@type\":\"BreadcrumbList\",\"@id\":\"https:\\\/\\\/b-a-ba.org\\\/index.php\\\/faire-un-don\\\/#breadcrumb\",\"itemListElement\":[{\"@type\":\"ListItem\",\"position\":1,\"name\":\"Accueil\",\"item\":\"https:\\\/\\\/b-a-ba.org\\\/\"},{\"@type\":\"ListItem\",\"position\":2,\"name\":\"Faire un don\"}]},{\"@type\":\"WebSite\",\"@id\":\"https:\\\/\\\/b-a-ba.org\\\/#website\",\"url\":\"https:\\\/\\\/b-a-ba.org\\\/\",\"name\":\"B \u00e0 Ba - Cours en ligne\",\"description\":\"B \u00e0 Ba - Cours en ligne\",\"publisher\":{\"@id\":\"https:\\\/\\\/b-a-ba.org\\\/#organization\"},\"potentialAction\":[{\"@type\":\"SearchAction\",\"target\":{\"@type\":\"EntryPoint\",\"urlTemplate\":\"https:\\\/\\\/b-a-ba.org\\\/?s={search_term_string}\"},\"query-input\":{\"@type\":\"PropertyValueSpecification\",\"valueRequired\":true,\"valueName\":\"search_term_string\"}}],\"inLanguage\":\"fr-FR\"},{\"@type\":\"Organization\",\"@id\":\"https:\\\/\\\/b-a-ba.org\\\/#organization\",\"name\":\"B \u00e0 Ba - Cours en ligne\",\"url\":\"https:\\\/\\\/b-a-ba.org\\\/\",\"logo\":{\"@type\":\"ImageObject\",\"inLanguage\":\"fr-FR\",\"@id\":\"https:\\\/\\\/b-a-ba.org\\\/#\\\/schema\\\/logo\\\/image\\\/\",\"url\":\"https:\\\/\\\/b-a-ba.org\\\/wp-content\\\/uploads\\\/2023\\\/09\\\/cropped-logo-baba-noir.png\",\"contentUrl\":\"https:\\\/\\\/b-a-ba.org\\\/wp-content\\\/uploads\\\/2023\\\/09\\\/cropped-logo-baba-noir.png\",\"width\":3187,\"height\":1186,\"caption\":\"B \u00e0 Ba - Cours en ligne\"},\"image\":{\"@id\":\"https:\\\/\\\/b-a-ba.org\\\/#\\\/schema\\\/logo\\\/image\\\/\"},\"sameAs\":[\"https:\\\/\\\/www.facebook.com\\\/people\\\/B--BA-Cours-en-ligne\\\/100066696794588\\\/\",\"https:\\\/\\\/www.instagram.com\\\/b_a_ba_\\\/\"]}]}<\/script>\n<!-- \/ Yoast SEO plugin. -->","yoast_head_json":{"title":"Faire un don - B \u00e0 Ba - Cours en ligne","robots":{"index":"index","follow":"follow","max-snippet":"max-snippet:-1","max-image-preview":"max-image-preview:large","max-video-preview":"max-video-preview:-1"},"canonical":"https:\/\/b-a-ba.org\/index.php\/faire-un-don\/","og_locale":"fr_FR","og_type":"article","og_title":"Faire un don - B \u00e0 Ba - Cours en ligne","og_description":"https:\/\/b-a-ba.org\/wp-content\/uploads\/2023\/04\/Presentation.mp4 La solidarit\u00e9, le lien ind\u00e9fectible de notre communaut\u00e9 D\u00e9sormais, il est possible de cotiser mensuellement et participer aux activit\u00e9s de l&rsquo;association b \u00e0 ba et \u00e0 tous les frais de fonctionnement (site, logiciels, don de livres, achat de mat\u00e9riel, da&rsquo;wa, s\u00e9minaires, d\u00e9placements, etc&#8230;). Soyez acteurs de la vie associative musulmane et alourdissez votre balance...","og_url":"https:\/\/b-a-ba.org\/index.php\/faire-un-don\/","og_site_name":"B \u00e0 Ba - Cours en ligne","article_publisher":"https:\/\/www.facebook.com\/people\/B--BA-Cours-en-ligne\/100066696794588\/","article_modified_time":"2023-09-19T21:17:04+00:00","twitter_card":"summary_large_image","twitter_misc":{"Dur\u00e9e de lecture estim\u00e9e":"1 minute"},"schema":{"@context":"https:\/\/schema.org","@graph":[{"@type":"WebPage","@id":"https:\/\/b-a-ba.org\/index.php\/faire-un-don\/","url":"https:\/\/b-a-ba.org\/index.php\/faire-un-don\/","name":"Faire un don - B \u00e0 Ba - Cours en ligne","isPartOf":{"@id":"https:\/\/b-a-ba.org\/#website"},"datePublished":"2023-03-28T21:41:23+00:00","dateModified":"2023-09-19T21:17:04+00:00","breadcrumb":{"@id":"https:\/\/b-a-ba.org\/index.php\/faire-un-don\/#breadcrumb"},"inLanguage":"fr-FR","potentialAction":[{"@type":"ReadAction","target":["https:\/\/b-a-ba.org\/index.php\/faire-un-don\/"]}]},{"@type":"BreadcrumbList","@id":"https:\/\/b-a-ba.org\/index.php\/faire-un-don\/#breadcrumb","itemListElement":[{"@type":"ListItem","position":1,"name":"Accueil","item":"https:\/\/b-a-ba.org\/"},{"@type":"ListItem","position":2,"name":"Faire un don"}]},{"@type":"WebSite","@id":"https:\/\/b-a-ba.org\/#website","url":"https:\/\/b-a-ba.org\/","name":"B \u00e0 Ba - Cours en ligne","description":"B \u00e0 Ba - Cours en ligne","publisher":{"@id":"https:\/\/b-a-ba.org\/#organization"},"potentialAction":[{"@type":"SearchAction","target":{"@type":"EntryPoint","urlTemplate":"https:\/\/b-a-ba.org\/?s={search_term_string}"},"query-input":{"@type":"PropertyValueSpecification","valueRequired":true,"valueName":"search_term_string"}}],"inLanguage":"fr-FR"},{"@type":"Organization","@id":"https:\/\/b-a-ba.org\/#organization","name":"B \u00e0 Ba - Cours en ligne","url":"https:\/\/b-a-ba.org\/","logo":{"@type":"ImageObject","inLanguage":"fr-FR","@id":"https:\/\/b-a-ba.org\/#\/schema\/logo\/image\/","url":"https:\/\/b-a-ba.org\/wp-content\/uploads\/2023\/09\/cropped-logo-baba-noir.png","contentUrl":"https:\/\/b-a-ba.org\/wp-content\/uploads\/2023\/09\/cropped-logo-baba-noir.png","width":3187,"height":1186,"caption":"B \u00e0 Ba - Cours en ligne"},"image":{"@id":"https:\/\/b-a-ba.org\/#\/schema\/logo\/image\/"},"sameAs":["https:\/\/www.facebook.com\/people\/B--BA-Cours-en-ligne\/100066696794588\/","https:\/\/www.instagram.com\/b_a_ba_\/"]}]}},"_links":{"self":[{"href":"https:\/\/b-a-ba.org\/index.php\/wp-json\/wp\/v2\/pages\/507","targetHints":{"allow":["GET"]}}],"collection":[{"href":"https:\/\/b-a-ba.org\/index.php\/wp-json\/wp\/v2\/pages"}],"about":[{"href":"https:\/\/b-a-ba.org\/index.php\/wp-json\/wp\/v2\/types\/page"}],"author":[{"embeddable":true,"href":"https:\/\/b-a-ba.org\/index.php\/wp-json\/wp\/v2\/users\/1"}],"replies":[{"embeddable":true,"href":"https:\/\/b-a-ba.org\/index.php\/wp-json\/wp\/v2\/comments?post=507"}],"version-history":[{"count":294,"href":"https:\/\/b-a-ba.org\/index.php\/wp-json\/wp\/v2\/pages\/507\/revisions"}],"predecessor-version":[{"id":2279,"href":"https:\/\/b-a-ba.org\/index.php\/wp-json\/wp\/v2\/pages\/507\/revisions\/2279"}],"wp:attachment":[{"href":"https:\/\/b-a-ba.org\/index.php\/wp-json\/wp\/v2\/media?parent=507"}],"curies":[{"name":"wp","href":"https:\/\/api.w.org\/{rel}","templated":true}]}}